{"id":331,"date":"2023-06-04T17:21:03","date_gmt":"2023-06-04T17:21:03","guid":{"rendered":"https:\/\/rnmcadvocacia.com\/?page_id=331"},"modified":"2025-11-20T18:17:58","modified_gmt":"2025-11-20T18:17:58","slug":"imobiliario-e-civil","status":"publish","type":"page","link":"https:\/\/rnmcadvocacia.com\/en\/imobiliario-e-civil\/","title":{"rendered":"Direito Imobili\u00e1rio e Civil"},"content":{"rendered":"<div data-elementor-type=\"wp-page\" data-elementor-id=\"331\" class=\"elementor elementor-331\">\n\t\t\t\t\t\t<section class=\"elementor-section elementor-top-section elementor-element elementor-element-b5fd4ba elementor-section-boxed elementor-section-height-default elementor-section-height-default\" data-id=\"b5fd4ba\" data-element_type=\"section\" data-e-type=\"section\" data-settings=\"{&quot;background_background&quot;:&quot;classic&quot;}\">\n\t\t\t\t\t\t<div class=\"elementor-container elementor-column-gap-default\">\n\t\t\t\t\t<div class=\"elementor-column elementor-col-100 elementor-top-column elementor-element elementor-element-3763417\" data-id=\"3763417\" data-element_type=\"column\" data-e-type=\"column\">\n\t\t\t<div class=\"elementor-widget-wrap elementor-element-populated\">\n\t\t\t\t\t\t<div class=\"elementor-element elementor-element-41de898 elementor-widget elementor-widget-heading\" data-id=\"41de898\" data-element_type=\"widget\" data-e-type=\"widget\" data-widget_type=\"heading.default\">\n\t\t\t\t<div class=\"elementor-widget-container\">\n\t\t\t\t\t<h2 class=\"elementor-heading-title elementor-size-default\">Direito Imobili\u00e1rio<\/h2>\t\t\t\t<\/div>\n\t\t\t\t<\/div>\n\t\t\t\t\t<\/div>\n\t\t<\/div>\n\t\t\t\t\t<\/div>\n\t\t<\/section>\n\t\t\t\t<section class=\"elementor-section elementor-top-section elementor-element elementor-element-5f412ad elementor-section-boxed elementor-section-height-default elementor-section-height-default\" data-id=\"5f412ad\" data-element_type=\"section\" data-e-type=\"section\" data-settings=\"{&quot;background_background&quot;:&quot;classic&quot;}\">\n\t\t\t\t\t\t<div class=\"elementor-container elementor-column-gap-default\">\n\t\t\t\t\t<div class=\"elementor-column elementor-col-50 elementor-top-column elementor-element elementor-element-9eb43f6\" data-id=\"9eb43f6\" data-element_type=\"column\" data-e-type=\"column\">\n\t\t\t<div class=\"elementor-widget-wrap elementor-element-populated\">\n\t\t\t\t\t\t<div class=\"elementor-element elementor-element-2841d3d elementor-widget elementor-widget-image\" data-id=\"2841d3d\" data-element_type=\"widget\" data-e-type=\"widget\" data-widget_type=\"image.default\">\n\t\t\t\t<div class=\"elementor-widget-container\">\n\t\t\t\t\t\t\t\t\t\t\t\t\t\t\t<img fetchpriority=\"high\" decoding=\"async\" width=\"800\" height=\"520\" src=\"https:\/\/rnmcadvocacia.com\/wp-content\/uploads\/2023\/08\/couple-discussing-family-breakup-1-1024x666.jpg\" class=\"attachment-large size-large wp-image-864\" alt=\"\" srcset=\"https:\/\/rnmcadvocacia.com\/wp-content\/uploads\/2023\/08\/couple-discussing-family-breakup-1-1024x666.jpg 1024w, https:\/\/rnmcadvocacia.com\/wp-content\/uploads\/2023\/08\/couple-discussing-family-breakup-1-300x195.jpg 300w, https:\/\/rnmcadvocacia.com\/wp-content\/uploads\/2023\/08\/couple-discussing-family-breakup-1-768x499.jpg 768w, https:\/\/rnmcadvocacia.com\/wp-content\/uploads\/2023\/08\/couple-discussing-family-breakup-1-1536x999.jpg 1536w, https:\/\/rnmcadvocacia.com\/wp-content\/uploads\/2023\/08\/couple-discussing-family-breakup-1-2048x1332.jpg 2048w\" sizes=\"(max-width: 800px) 100vw, 800px\" \/>\t\t\t\t\t\t\t\t\t\t\t\t\t\t\t<\/div>\n\t\t\t\t<\/div>\n\t\t\t\t\t<\/div>\n\t\t<\/div>\n\t\t\t\t<div class=\"elementor-column elementor-col-50 elementor-top-column elementor-element elementor-element-38d9ff1\" data-id=\"38d9ff1\" data-element_type=\"column\" data-e-type=\"column\">\n\t\t\t<div class=\"elementor-widget-wrap elementor-element-populated\">\n\t\t\t\t\t\t<div class=\"elementor-element elementor-element-35b2164 elementor-widget elementor-widget-text-editor\" data-id=\"35b2164\" data-element_type=\"widget\" data-e-type=\"widget\" data-widget_type=\"text-editor.default\">\n\t\t\t\t<div class=\"elementor-widget-container\">\n\t\t\t\t\t\t\t\t\t<p>Cada transa\u00e7\u00e3o imobili\u00e1ria envolve decis\u00f5es relevantes e de grande impacto. Garantimos seguran\u00e7a jur\u00eddica e acompanhamento pr\u00f3ximo em todas as etapas, protegendo os interesses dos nossos clientes.<\/p>\t\t\t\t\t\t\t\t<\/div>\n\t\t\t\t<\/div>\n\t\t\t\t\t<\/div>\n\t\t<\/div>\n\t\t\t\t\t<\/div>\n\t\t<\/section>\n\t\t\t\t<section class=\"elementor-section elementor-top-section elementor-element elementor-element-081bdc7 elementor-section-boxed elementor-section-height-default elementor-section-height-default\" data-id=\"081bdc7\" data-element_type=\"section\" data-e-type=\"section\" data-settings=\"{&quot;background_background&quot;:&quot;classic&quot;}\">\n\t\t\t\t\t\t<div class=\"elementor-container elementor-column-gap-default\">\n\t\t\t\t\t<div class=\"elementor-column elementor-col-100 elementor-top-column elementor-element elementor-element-82dc076\" data-id=\"82dc076\" data-element_type=\"column\" data-e-type=\"column\">\n\t\t\t<div class=\"elementor-widget-wrap elementor-element-populated\">\n\t\t\t\t\t\t<div class=\"elementor-element elementor-element-f29092f elementor-widget elementor-widget-heading\" data-id=\"f29092f\" data-element_type=\"widget\" data-e-type=\"widget\" data-widget_type=\"heading.default\">\n\t\t\t\t<div class=\"elementor-widget-container\">\n\t\t\t\t\t<h3 class=\"elementor-heading-title elementor-size-default\">Entre as solu\u00e7\u00f5es que oferecemos, destacam-se:<\/h3>\t\t\t\t<\/div>\n\t\t\t\t<\/div>\n\t\t\t\t<div class=\"elementor-element elementor-element-b4095f8 elementor-widget elementor-widget-text-editor\" data-id=\"b4095f8\" data-element_type=\"widget\" data-e-type=\"widget\" data-widget_type=\"text-editor.default\">\n\t\t\t\t<div class=\"elementor-widget-container\">\n\t\t\t\t\t\t\t\t\t<p>Contratos-promessa de compra e venda<\/p><p>Escrituras p\u00fablicas e registos prediais<\/p><p>Arrendamento urbano e rural<\/p><p>Investimentos em real estate<\/p>\t\t\t\t\t\t\t\t<\/div>\n\t\t\t\t<\/div>\n\t\t\t\t\t<\/div>\n\t\t<\/div>\n\t\t\t\t\t<\/div>\n\t\t<\/section>\n\t\t\t\t<\/div>","protected":false},"excerpt":{"rendered":"<p>Direito Imobili\u00e1rio Cada transa\u00e7\u00e3o imobili\u00e1ria envolve decis\u00f5es relevantes e de grande impacto. Garantimos seguran\u00e7a jur\u00eddica e acompanhamento pr\u00f3ximo em todas as etapas, protegendo os interesses dos nossos clientes. Entre as solu\u00e7\u00f5es que oferecemos, destacam-se: Contratos-promessa de compra e venda Escrituras p\u00fablicas e registos prediais Arrendamento urbano e rural Investimentos em real estate<\/p>","protected":false},"author":1,"featured_media":0,"parent":0,"menu_order":0,"comment_status":"closed","ping_status":"closed","template":"elementor_header_footer","meta":{"footnotes":""},"class_list":["post-331","page","type-page","status-publish","hentry"],"_links":{"self":[{"href":"https:\/\/rnmcadvocacia.com\/en\/wp-json\/wp\/v2\/pages\/331","targetHints":{"allow":["GET"]}}],"collection":[{"href":"https:\/\/rnmcadvocacia.com\/en\/wp-json\/wp\/v2\/pages"}],"about":[{"href":"https:\/\/rnmcadvocacia.com\/en\/wp-json\/wp\/v2\/types\/page"}],"author":[{"embeddable":true,"href":"https:\/\/rnmcadvocacia.com\/en\/wp-json\/wp\/v2\/users\/1"}],"replies":[{"embeddable":true,"href":"https:\/\/rnmcadvocacia.com\/en\/wp-json\/wp\/v2\/comments?post=331"}],"version-history":[{"count":32,"href":"https:\/\/rnmcadvocacia.com\/en\/wp-json\/wp\/v2\/pages\/331\/revisions"}],"predecessor-version":[{"id":988924,"href":"https:\/\/rnmcadvocacia.com\/en\/wp-json\/wp\/v2\/pages\/331\/revisions\/988924"}],"wp:attachment":[{"href":"https:\/\/rnmcadvocacia.com\/en\/wp-json\/wp\/v2\/media?parent=331"}],"curies":[{"name":"wp","href":"https:\/\/api.w.org\/{rel}","templated":true}]}}