{"id":333,"date":"2023-06-04T17:21:24","date_gmt":"2023-06-04T17:21:24","guid":{"rendered":"https:\/\/rnmcadvocacia.com\/?page_id=333"},"modified":"2025-11-20T18:14:01","modified_gmt":"2025-11-20T18:14:01","slug":"familias-e-criancas","status":"publish","type":"page","link":"https:\/\/rnmcadvocacia.com\/en\/familias-e-criancas\/","title":{"rendered":"Direito das Fam\u00edlias e Crian\u00e7as"},"content":{"rendered":"<div data-elementor-type=\"wp-page\" data-elementor-id=\"333\" class=\"elementor elementor-333\">\n\t\t\t\t\t\t<section class=\"elementor-section elementor-top-section elementor-element elementor-element-11d7787 elementor-section-boxed elementor-section-height-default elementor-section-height-default\" data-id=\"11d7787\" data-element_type=\"section\" data-e-type=\"section\" data-settings=\"{&quot;background_background&quot;:&quot;classic&quot;}\">\n\t\t\t\t\t\t<div class=\"elementor-container elementor-column-gap-default\">\n\t\t\t\t\t<div class=\"elementor-column elementor-col-100 elementor-top-column elementor-element elementor-element-e0552fb\" data-id=\"e0552fb\" data-element_type=\"column\" data-e-type=\"column\">\n\t\t\t<div class=\"elementor-widget-wrap elementor-element-populated\">\n\t\t\t\t\t\t<div class=\"elementor-element elementor-element-9631f8c elementor-widget elementor-widget-heading\" data-id=\"9631f8c\" data-element_type=\"widget\" data-e-type=\"widget\" data-widget_type=\"heading.default\">\n\t\t\t\t<div class=\"elementor-widget-container\">\n\t\t\t\t\t<h2 class=\"elementor-heading-title elementor-size-default\">Direito das Fam\u00edlias e Crian\u00e7as<\/h2>\t\t\t\t<\/div>\n\t\t\t\t<\/div>\n\t\t\t\t\t<\/div>\n\t\t<\/div>\n\t\t\t\t\t<\/div>\n\t\t<\/section>\n\t\t\t\t<section class=\"elementor-section elementor-top-section elementor-element elementor-element-1e5c5e7 elementor-section-boxed elementor-section-height-default elementor-section-height-default\" data-id=\"1e5c5e7\" data-element_type=\"section\" data-e-type=\"section\" data-settings=\"{&quot;background_background&quot;:&quot;classic&quot;}\">\n\t\t\t\t\t\t<div class=\"elementor-container elementor-column-gap-default\">\n\t\t\t\t\t<div class=\"elementor-column elementor-col-50 elementor-top-column elementor-element elementor-element-b319283\" data-id=\"b319283\" data-element_type=\"column\" data-e-type=\"column\">\n\t\t\t<div class=\"elementor-widget-wrap elementor-element-populated\">\n\t\t\t\t\t\t<div class=\"elementor-element elementor-element-b9e6e02 elementor-widget elementor-widget-image\" data-id=\"b9e6e02\" data-element_type=\"widget\" data-e-type=\"widget\" data-widget_type=\"image.default\">\n\t\t\t\t<div class=\"elementor-widget-container\">\n\t\t\t\t\t\t\t\t\t\t\t\t\t\t\t<img fetchpriority=\"high\" decoding=\"async\" width=\"800\" height=\"600\" src=\"https:\/\/rnmcadvocacia.com\/wp-content\/uploads\/2023\/08\/people-holding-together-hands-cute-paper-family-1024x768.jpg\" class=\"attachment-large size-large wp-image-863\" alt=\"\" srcset=\"https:\/\/rnmcadvocacia.com\/wp-content\/uploads\/2023\/08\/people-holding-together-hands-cute-paper-family-1024x768.jpg 1024w, https:\/\/rnmcadvocacia.com\/wp-content\/uploads\/2023\/08\/people-holding-together-hands-cute-paper-family-300x225.jpg 300w, https:\/\/rnmcadvocacia.com\/wp-content\/uploads\/2023\/08\/people-holding-together-hands-cute-paper-family-768x576.jpg 768w, https:\/\/rnmcadvocacia.com\/wp-content\/uploads\/2023\/08\/people-holding-together-hands-cute-paper-family-1536x1152.jpg 1536w, https:\/\/rnmcadvocacia.com\/wp-content\/uploads\/2023\/08\/people-holding-together-hands-cute-paper-family-2048x1536.jpg 2048w\" sizes=\"(max-width: 800px) 100vw, 800px\" \/>\t\t\t\t\t\t\t\t\t\t\t\t\t\t\t<\/div>\n\t\t\t\t<\/div>\n\t\t\t\t\t<\/div>\n\t\t<\/div>\n\t\t\t\t<div class=\"elementor-column elementor-col-50 elementor-top-column elementor-element elementor-element-e23c53d\" data-id=\"e23c53d\" data-element_type=\"column\" data-e-type=\"column\">\n\t\t\t<div class=\"elementor-widget-wrap elementor-element-populated\">\n\t\t\t\t\t\t<div class=\"elementor-element elementor-element-eeb2c16 elementor-widget elementor-widget-text-editor\" data-id=\"eeb2c16\" data-element_type=\"widget\" data-e-type=\"widget\" data-widget_type=\"text-editor.default\">\n\t\t\t\t<div class=\"elementor-widget-container\">\n\t\t\t\t\t\t\t\t\t<p>Cuidamos de cada quest\u00e3o familiar com sensibilidade e rigor, porque sabemos que, por tr\u00e1s de cada processo, existem hist\u00f3rias e pessoas. Atuamos desde a forma\u00e7\u00e3o de uni\u00f5es at\u00e9 a prote\u00e7\u00e3o de crian\u00e7as em contextos mais delicados, sempre em busca de solu\u00e7\u00f5es equilibradas, transparentes e justas.<\/p>\t\t\t\t\t\t\t\t<\/div>\n\t\t\t\t<\/div>\n\t\t\t\t<div class=\"elementor-element elementor-element-e720d1f elementor-widget elementor-widget-text-editor\" data-id=\"e720d1f\" data-element_type=\"widget\" data-e-type=\"widget\" data-widget_type=\"text-editor.default\">\n\t\t\t\t<div class=\"elementor-widget-container\">\n\t\t\t\t\t\t\t\t\t<p>Cuidamos de cada quest\u00e3o familiar com sensibilidade e rigor, porque sabemos que, por tr\u00e1s de cada processo, existem hist\u00f3rias e pessoas. Atuamos desde a forma\u00e7\u00e3o de uni\u00f5es at\u00e9 a prote\u00e7\u00e3o de crian\u00e7as em contextos mais delicados, sempre em busca de solu\u00e7\u00f5es equilibradas, transparentes e justas.<\/p>\t\t\t\t\t\t\t\t<\/div>\n\t\t\t\t<\/div>\n\t\t\t\t\t<\/div>\n\t\t<\/div>\n\t\t\t\t\t<\/div>\n\t\t<\/section>\n\t\t\t\t<section class=\"elementor-section elementor-top-section elementor-element elementor-element-9cba340 elementor-section-boxed elementor-section-height-default elementor-section-height-default\" data-id=\"9cba340\" data-element_type=\"section\" data-e-type=\"section\" data-settings=\"{&quot;background_background&quot;:&quot;classic&quot;}\">\n\t\t\t\t\t\t<div class=\"elementor-container elementor-column-gap-default\">\n\t\t\t\t\t<div class=\"elementor-column elementor-col-100 elementor-top-column elementor-element elementor-element-30eb672\" data-id=\"30eb672\" data-element_type=\"column\" data-e-type=\"column\">\n\t\t\t<div class=\"elementor-widget-wrap elementor-element-populated\">\n\t\t\t\t\t\t<div class=\"elementor-element elementor-element-a3d42cb elementor-widget elementor-widget-heading\" data-id=\"a3d42cb\" data-element_type=\"widget\" data-e-type=\"widget\" data-widget_type=\"heading.default\">\n\t\t\t\t<div class=\"elementor-widget-container\">\n\t\t\t\t\t<h3 class=\"elementor-heading-title elementor-size-default\">Entre as solu\u00e7\u00f5es que oferecemos, destacam-se:\n\n<\/h3>\t\t\t\t<\/div>\n\t\t\t\t<\/div>\n\t\t\t\t<div class=\"elementor-element elementor-element-cd65a24 elementor-widget elementor-widget-text-editor\" data-id=\"cd65a24\" data-element_type=\"widget\" data-e-type=\"widget\" data-widget_type=\"text-editor.default\">\n\t\t\t\t<div class=\"elementor-widget-container\">\n\t\t\t\t\t\t\t\t\t<p>\u25cf Div\u00f3rcio consensual e sem consentimento do outro c\u00f4njuge<br \/>\u25cf Regula\u00e7\u00e3o, altera\u00e7\u00e3o e incumprimento das responsabilidades parentais<br \/>\u25cf A\u00e7\u00e3o de alimentos <br \/>\u25cf Reconhecimento e impugna\u00e7\u00e3o de paternidade<br \/>\u25cf Processos de promo\u00e7\u00e3o e prote\u00e7\u00e3o de crian\u00e7as e jovens em perigo<br \/>\u25cf Reconhecimento de uni\u00e3o de facto <br \/>\u25cf Processo preliminar de casamento e conven\u00e7\u00f5es antenupciais<\/p>\t\t\t\t\t\t\t\t<\/div>\n\t\t\t\t<\/div>\n\t\t\t\t\t<\/div>\n\t\t<\/div>\n\t\t\t\t\t<\/div>\n\t\t<\/section>\n\t\t\t\t<\/div>","protected":false},"excerpt":{"rendered":"<p>Direito das Fam\u00edlias e Crian\u00e7as Cuidamos de cada quest\u00e3o familiar com sensibilidade e rigor, porque sabemos que, por tr\u00e1s de cada processo, existem hist\u00f3rias e pessoas. Atuamos desde a forma\u00e7\u00e3o de uni\u00f5es at\u00e9 a prote\u00e7\u00e3o de crian\u00e7as em contextos mais delicados, sempre em busca de solu\u00e7\u00f5es equilibradas, transparentes e justas. Cuidamos de cada quest\u00e3o familiar [&hellip;]<\/p>","protected":false},"author":1,"featured_media":0,"parent":0,"menu_order":0,"comment_status":"closed","ping_status":"closed","template":"elementor_header_footer","meta":{"footnotes":""},"class_list":["post-333","page","type-page","status-publish","hentry"],"_links":{"self":[{"href":"https:\/\/rnmcadvocacia.com\/en\/wp-json\/wp\/v2\/pages\/333","targetHints":{"allow":["GET"]}}],"collection":[{"href":"https:\/\/rnmcadvocacia.com\/en\/wp-json\/wp\/v2\/pages"}],"about":[{"href":"https:\/\/rnmcadvocacia.com\/en\/wp-json\/wp\/v2\/types\/page"}],"author":[{"embeddable":true,"href":"https:\/\/rnmcadvocacia.com\/en\/wp-json\/wp\/v2\/users\/1"}],"replies":[{"embeddable":true,"href":"https:\/\/rnmcadvocacia.com\/en\/wp-json\/wp\/v2\/comments?post=333"}],"version-history":[{"count":17,"href":"https:\/\/rnmcadvocacia.com\/en\/wp-json\/wp\/v2\/pages\/333\/revisions"}],"predecessor-version":[{"id":988918,"href":"https:\/\/rnmcadvocacia.com\/en\/wp-json\/wp\/v2\/pages\/333\/revisions\/988918"}],"wp:attachment":[{"href":"https:\/\/rnmcadvocacia.com\/en\/wp-json\/wp\/v2\/media?parent=333"}],"curies":[{"name":"wp","href":"https:\/\/api.w.org\/{rel}","templated":true}]}}