{"id":335,"date":"2023-06-04T17:21:38","date_gmt":"2023-06-04T17:21:38","guid":{"rendered":"https:\/\/rnmcadvocacia.com\/?page_id=335"},"modified":"2023-08-31T15:48:12","modified_gmt":"2023-08-31T15:48:12","slug":"registos-e-notariado","status":"publish","type":"page","link":"https:\/\/rnmcadvocacia.com\/en\/registos-e-notariado\/","title":{"rendered":"Registries and Notaries"},"content":{"rendered":"<div data-elementor-type=\"wp-page\" data-elementor-id=\"335\" class=\"elementor elementor-335\">\n\t\t\t\t\t\t<section class=\"elementor-section elementor-top-section elementor-element elementor-element-1f8c83a elementor-section-boxed elementor-section-height-default elementor-section-height-default\" data-id=\"1f8c83a\" data-element_type=\"section\" data-e-type=\"section\" data-settings=\"{&quot;background_background&quot;:&quot;classic&quot;}\">\n\t\t\t\t\t\t<div class=\"elementor-container elementor-column-gap-default\">\n\t\t\t\t\t<div class=\"elementor-column elementor-col-100 elementor-top-column elementor-element elementor-element-a459ed7\" data-id=\"a459ed7\" data-element_type=\"column\" data-e-type=\"column\">\n\t\t\t<div class=\"elementor-widget-wrap elementor-element-populated\">\n\t\t\t\t\t\t<div class=\"elementor-element elementor-element-3b09f70 elementor-widget elementor-widget-heading\" data-id=\"3b09f70\" data-element_type=\"widget\" data-e-type=\"widget\" data-widget_type=\"heading.default\">\n\t\t\t\t<div class=\"elementor-widget-container\">\n\t\t\t\t\t<h2 class=\"elementor-heading-title elementor-size-default\">Registries and Notaries<\/h2>\t\t\t\t<\/div>\n\t\t\t\t<\/div>\n\t\t\t\t\t<\/div>\n\t\t<\/div>\n\t\t\t\t\t<\/div>\n\t\t<\/section>\n\t\t\t\t<section class=\"elementor-section elementor-top-section elementor-element elementor-element-1486272 elementor-section-boxed elementor-section-height-default elementor-section-height-default\" data-id=\"1486272\" data-element_type=\"section\" data-e-type=\"section\" data-settings=\"{&quot;background_background&quot;:&quot;classic&quot;}\">\n\t\t\t\t\t\t<div class=\"elementor-container elementor-column-gap-default\">\n\t\t\t\t\t<div class=\"elementor-column elementor-col-50 elementor-top-column elementor-element elementor-element-f0879cb\" data-id=\"f0879cb\" data-element_type=\"column\" data-e-type=\"column\">\n\t\t\t<div class=\"elementor-widget-wrap elementor-element-populated\">\n\t\t\t\t\t\t<div class=\"elementor-element elementor-element-a83e6c9 elementor-widget elementor-widget-image\" data-id=\"a83e6c9\" data-element_type=\"widget\" data-e-type=\"widget\" data-widget_type=\"image.default\">\n\t\t\t\t<div class=\"elementor-widget-container\">\n\t\t\t\t\t\t\t\t\t\t\t\t\t\t\t<img fetchpriority=\"high\" decoding=\"async\" width=\"800\" height=\"534\" src=\"https:\/\/rnmcadvocacia.com\/wp-content\/uploads\/2023\/08\/brunette-businesswoman-writing-document-1024x683.jpg\" class=\"attachment-large size-large wp-image-862\" alt=\"\" srcset=\"https:\/\/rnmcadvocacia.com\/wp-content\/uploads\/2023\/08\/brunette-businesswoman-writing-document-1024x683.jpg 1024w, https:\/\/rnmcadvocacia.com\/wp-content\/uploads\/2023\/08\/brunette-businesswoman-writing-document-300x200.jpg 300w, https:\/\/rnmcadvocacia.com\/wp-content\/uploads\/2023\/08\/brunette-businesswoman-writing-document-768x513.jpg 768w, https:\/\/rnmcadvocacia.com\/wp-content\/uploads\/2023\/08\/brunette-businesswoman-writing-document-1536x1025.jpg 1536w, https:\/\/rnmcadvocacia.com\/wp-content\/uploads\/2023\/08\/brunette-businesswoman-writing-document-2048x1367.jpg 2048w\" sizes=\"(max-width: 800px) 100vw, 800px\" \/>\t\t\t\t\t\t\t\t\t\t\t\t\t\t\t<\/div>\n\t\t\t\t<\/div>\n\t\t\t\t\t<\/div>\n\t\t<\/div>\n\t\t\t\t<div class=\"elementor-column elementor-col-50 elementor-top-column elementor-element elementor-element-3fd512c\" data-id=\"3fd512c\" data-element_type=\"column\" data-e-type=\"column\">\n\t\t\t<div class=\"elementor-widget-wrap elementor-element-populated\">\n\t\t\t\t\t\t<div class=\"elementor-element elementor-element-226d976 elementor-widget elementor-widget-text-editor\" data-id=\"226d976\" data-element_type=\"widget\" data-e-type=\"widget\" data-widget_type=\"text-editor.default\">\n\t\t\t\t<div class=\"elementor-widget-container\">\n\t\t\t\t\t\t\t\t\t<p>Alguns atos da vida quotidiana, devem ser revestidos de alguma formalidade para terem efic\u00e1cia perante terceiros, sendo certo que \u00e9 garantido aos Advogados, atua\u00e7\u00e3o em quest\u00f5es de Pr\u00e1tica Notarial e de Registos.<\/p><p>A pr\u00e1tica jur\u00eddica pode desenvolver-se com o apoio jur\u00eddico nas seguintes esferas:<\/p><ul><li>Conservat\u00f3rias do Registo Autom\u00f3vel<\/li><li>Conservat\u00f3rias do Registo Civil para servi\u00e7os como:<ul><li>Habilita\u00e7\u00e3o de herdeiros;<\/li><li>Nacionalidade;<\/li><li>Div\u00f3rcios e separa\u00e7\u00f5es de pessoas e bens, por m\u00fatuo consentimento.<\/li><\/ul><\/li><li>Conservat\u00f3rias do Registo Predial;<\/li><li>Conservat\u00f3ria do Registo Comercial para:<ul><li>Abertura de empresas;<\/li><li>Altera\u00e7\u00e3o de pactos sociais;<\/li><li>Dissolu\u00e7\u00e3o de sociedades<\/li><\/ul><\/li><\/ul><p>\u00a0<\/p><p>\u00c9 poss\u00edvel ainda ao advogado atuar em outros atos registais, como na Compra e Venda, atrav\u00e9s da:<\/p><ul><li>Elabora\u00e7\u00e3o de DPA (que \u00e9 a formaliza\u00e7\u00e3o da Compra e Venda por advogados) ou;<\/li><li>Assessoria jur\u00eddica para elabora\u00e7\u00e3o de Escrituras\/DPA<\/li><\/ul>\t\t\t\t\t\t\t\t<\/div>\n\t\t\t\t<\/div>\n\t\t\t\t\t<\/div>\n\t\t<\/div>\n\t\t\t\t\t<\/div>\n\t\t<\/section>\n\t\t\t\t<section class=\"elementor-section elementor-top-section elementor-element elementor-element-9490245 elementor-section-boxed elementor-section-height-default elementor-section-height-default\" data-id=\"9490245\" data-element_type=\"section\" data-e-type=\"section\" data-settings=\"{&quot;background_background&quot;:&quot;classic&quot;}\">\n\t\t\t\t\t\t<div class=\"elementor-container elementor-column-gap-default\">\n\t\t\t\t\t<div class=\"elementor-column elementor-col-100 elementor-top-column elementor-element elementor-element-e583ae1\" data-id=\"e583ae1\" data-element_type=\"column\" data-e-type=\"column\">\n\t\t\t<div class=\"elementor-widget-wrap elementor-element-populated\">\n\t\t\t\t\t\t<div class=\"elementor-element elementor-element-6ad1c40 elementor-widget elementor-widget-heading\" data-id=\"6ad1c40\" data-element_type=\"widget\" data-e-type=\"widget\" data-widget_type=\"heading.default\">\n\t\t\t\t<div class=\"elementor-widget-container\">\n\t\t\t\t\t<h3 class=\"elementor-heading-title elementor-size-default\">A presta\u00e7\u00e3o do servi\u00e7o jur\u00eddico compreende, entre outros:<\/h3>\t\t\t\t<\/div>\n\t\t\t\t<\/div>\n\t\t\t\t<div class=\"elementor-element elementor-element-f196b23 elementor-widget elementor-widget-text-editor\" data-id=\"f196b23\" data-element_type=\"widget\" data-e-type=\"widget\" data-widget_type=\"text-editor.default\">\n\t\t\t\t<div class=\"elementor-widget-container\">\n\t\t\t\t\t\t\t\t\t<p>Certifica\u00e7\u00e3o de documentos;<\/p><p>Certifica\u00e7\u00e3o de tradu\u00e7\u00f5es;<\/p><p>Elabora\u00e7\u00e3o de Procura\u00e7\u00f5es;<\/p><p>Constitui\u00e7\u00e3o, altera\u00e7\u00e3o dos estatutos e outros atos necess\u00e1rios a associa\u00e7\u00f5es e funda\u00e7\u00f5es<\/p><p>Constitui\u00e7\u00e3o, transforma\u00e7\u00e3o, fus\u00e3o, cis\u00e3o e dissolu\u00e7\u00e3o de sociedade comercial<\/p><p>Reconhecimento de assinaturas simples e com men\u00e7\u00f5es especiais.<\/p><p>\u00a0<\/p><p>Em caso de d\u00favida ou necessidade de esclarecimento, consulte um advogado.<\/p>\t\t\t\t\t\t\t\t<\/div>\n\t\t\t\t<\/div>\n\t\t\t\t\t<\/div>\n\t\t<\/div>\n\t\t\t\t\t<\/div>\n\t\t<\/section>\n\t\t\t\t<\/div>","protected":false},"excerpt":{"rendered":"<p>Registos e Notariado Alguns atos da vida quotidiana, devem ser revestidos de alguma formalidade para terem efic\u00e1cia perante terceiros, sendo certo que \u00e9 garantido aos Advogados, atua\u00e7\u00e3o em quest\u00f5es de Pr\u00e1tica Notarial e de Registos. A pr\u00e1tica jur\u00eddica pode desenvolver-se com o apoio jur\u00eddico nas seguintes esferas: Conservat\u00f3rias do Registo Autom\u00f3vel Conservat\u00f3rias do Registo Civil [&hellip;]<\/p>","protected":false},"author":1,"featured_media":0,"parent":0,"menu_order":0,"comment_status":"closed","ping_status":"closed","template":"elementor_header_footer","meta":{"footnotes":""},"class_list":["post-335","page","type-page","status-publish","hentry"],"_links":{"self":[{"href":"https:\/\/rnmcadvocacia.com\/en\/wp-json\/wp\/v2\/pages\/335","targetHints":{"allow":["GET"]}}],"collection":[{"href":"https:\/\/rnmcadvocacia.com\/en\/wp-json\/wp\/v2\/pages"}],"about":[{"href":"https:\/\/rnmcadvocacia.com\/en\/wp-json\/wp\/v2\/types\/page"}],"author":[{"embeddable":true,"href":"https:\/\/rnmcadvocacia.com\/en\/wp-json\/wp\/v2\/users\/1"}],"replies":[{"embeddable":true,"href":"https:\/\/rnmcadvocacia.com\/en\/wp-json\/wp\/v2\/comments?post=335"}],"version-history":[{"count":19,"href":"https:\/\/rnmcadvocacia.com\/en\/wp-json\/wp\/v2\/pages\/335\/revisions"}],"predecessor-version":[{"id":882,"href":"https:\/\/rnmcadvocacia.com\/en\/wp-json\/wp\/v2\/pages\/335\/revisions\/882"}],"wp:attachment":[{"href":"https:\/\/rnmcadvocacia.com\/en\/wp-json\/wp\/v2\/media?parent=335"}],"curies":[{"name":"wp","href":"https:\/\/api.w.org\/{rel}","templated":true}]}}