{"id":337,"date":"2023-06-04T17:22:08","date_gmt":"2023-06-04T17:22:08","guid":{"rendered":"https:\/\/rnmcadvocacia.com\/?page_id=337"},"modified":"2025-11-20T18:24:25","modified_gmt":"2025-11-20T18:24:25","slug":"sucessoes-inventarios-e-testamentos","status":"publish","type":"page","link":"https:\/\/rnmcadvocacia.com\/en\/sucessoes-inventarios-e-testamentos\/","title":{"rendered":"Direito das Sucess\u00f5es, Invent\u00e1rios e Testamentos"},"content":{"rendered":"<div data-elementor-type=\"wp-page\" data-elementor-id=\"337\" class=\"elementor elementor-337\">\n\t\t\t\t\t\t<section class=\"elementor-section elementor-top-section elementor-element elementor-element-81fc1ce elementor-section-boxed elementor-section-height-default elementor-section-height-default\" data-id=\"81fc1ce\" data-element_type=\"section\" data-e-type=\"section\" data-settings=\"{&quot;background_background&quot;:&quot;classic&quot;}\">\n\t\t\t\t\t\t<div class=\"elementor-container elementor-column-gap-default\">\n\t\t\t\t\t<div class=\"elementor-column elementor-col-100 elementor-top-column elementor-element elementor-element-32fe25b\" data-id=\"32fe25b\" data-element_type=\"column\" data-e-type=\"column\">\n\t\t\t<div class=\"elementor-widget-wrap elementor-element-populated\">\n\t\t\t\t\t\t<div class=\"elementor-element elementor-element-193c875 elementor-widget elementor-widget-heading\" data-id=\"193c875\" data-element_type=\"widget\" data-e-type=\"widget\" data-widget_type=\"heading.default\">\n\t\t\t\t<div class=\"elementor-widget-container\">\n\t\t\t\t\t<h2 class=\"elementor-heading-title elementor-size-default\">Successions, Inventories, and Distributions<\/h2>\t\t\t\t<\/div>\n\t\t\t\t<\/div>\n\t\t\t\t\t<\/div>\n\t\t<\/div>\n\t\t\t\t\t<\/div>\n\t\t<\/section>\n\t\t\t\t<section class=\"elementor-section elementor-top-section elementor-element elementor-element-ec15073 elementor-section-boxed elementor-section-height-default elementor-section-height-default\" data-id=\"ec15073\" data-element_type=\"section\" data-e-type=\"section\" data-settings=\"{&quot;background_background&quot;:&quot;classic&quot;}\">\n\t\t\t\t\t\t<div class=\"elementor-container elementor-column-gap-default\">\n\t\t\t\t\t<div class=\"elementor-column elementor-col-50 elementor-top-column elementor-element elementor-element-b607046\" data-id=\"b607046\" data-element_type=\"column\" data-e-type=\"column\">\n\t\t\t<div class=\"elementor-widget-wrap elementor-element-populated\">\n\t\t\t\t\t\t<div class=\"elementor-element elementor-element-b9be29c elementor-widget elementor-widget-image\" data-id=\"b9be29c\" data-element_type=\"widget\" data-e-type=\"widget\" data-widget_type=\"image.default\">\n\t\t\t\t<div class=\"elementor-widget-container\">\n\t\t\t\t\t\t\t\t\t\t\t\t\t\t\t<img fetchpriority=\"high\" decoding=\"async\" width=\"800\" height=\"534\" src=\"https:\/\/rnmcadvocacia.com\/wp-content\/uploads\/2023\/08\/man-bringing-rose-tombstone-cemetery-1024x683.jpg\" class=\"attachment-large size-large wp-image-890\" alt=\"\" srcset=\"https:\/\/rnmcadvocacia.com\/wp-content\/uploads\/2023\/08\/man-bringing-rose-tombstone-cemetery-1024x683.jpg 1024w, https:\/\/rnmcadvocacia.com\/wp-content\/uploads\/2023\/08\/man-bringing-rose-tombstone-cemetery-300x200.jpg 300w, https:\/\/rnmcadvocacia.com\/wp-content\/uploads\/2023\/08\/man-bringing-rose-tombstone-cemetery-768x512.jpg 768w, https:\/\/rnmcadvocacia.com\/wp-content\/uploads\/2023\/08\/man-bringing-rose-tombstone-cemetery-1536x1024.jpg 1536w, https:\/\/rnmcadvocacia.com\/wp-content\/uploads\/2023\/08\/man-bringing-rose-tombstone-cemetery-2048x1365.jpg 2048w\" sizes=\"(max-width: 800px) 100vw, 800px\" \/>\t\t\t\t\t\t\t\t\t\t\t\t\t\t\t<\/div>\n\t\t\t\t<\/div>\n\t\t\t\t\t<\/div>\n\t\t<\/div>\n\t\t\t\t<div class=\"elementor-column elementor-col-50 elementor-top-column elementor-element elementor-element-a13cbd5\" data-id=\"a13cbd5\" data-element_type=\"column\" data-e-type=\"column\">\n\t\t\t<div class=\"elementor-widget-wrap elementor-element-populated\">\n\t\t\t\t\t\t<div class=\"elementor-element elementor-element-8001633 elementor-widget elementor-widget-text-editor\" data-id=\"8001633\" data-element_type=\"widget\" data-e-type=\"widget\" data-widget_type=\"text-editor.default\">\n\t\t\t\t<div class=\"elementor-widget-container\">\n\t\t\t\t\t\t\t\t\t<p>Auxiliamos fam\u00edlias na organiza\u00e7\u00e3o e transmiss\u00e3o de patrim\u00f3nio entre gera\u00e7\u00f5es, conciliando seguran\u00e7a jur\u00eddica com o respeito \u00e0s rela\u00e7\u00f5es pessoais envolvidas. O nosso objetivo \u00e9 tornar o processo sucess\u00f3rio mais claro, justo e pac\u00edfico.<\/p>\t\t\t\t\t\t\t\t<\/div>\n\t\t\t\t<\/div>\n\t\t\t\t\t<\/div>\n\t\t<\/div>\n\t\t\t\t\t<\/div>\n\t\t<\/section>\n\t\t\t\t<section class=\"elementor-section elementor-top-section elementor-element elementor-element-4ba59ca elementor-section-boxed elementor-section-height-default elementor-section-height-default\" data-id=\"4ba59ca\" data-element_type=\"section\" data-e-type=\"section\" data-settings=\"{&quot;background_background&quot;:&quot;classic&quot;}\">\n\t\t\t\t\t\t<div class=\"elementor-container elementor-column-gap-default\">\n\t\t\t\t\t<div class=\"elementor-column elementor-col-100 elementor-top-column elementor-element elementor-element-9a4c6b1\" data-id=\"9a4c6b1\" data-element_type=\"column\" data-e-type=\"column\">\n\t\t\t<div class=\"elementor-widget-wrap elementor-element-populated\">\n\t\t\t\t\t\t<div class=\"elementor-element elementor-element-720aa39 elementor-widget elementor-widget-heading\" data-id=\"720aa39\" data-element_type=\"widget\" data-e-type=\"widget\" data-widget_type=\"heading.default\">\n\t\t\t\t<div class=\"elementor-widget-container\">\n\t\t\t\t\t<h3 class=\"elementor-heading-title elementor-size-default\">Entre as solu\u00e7\u00f5es que oferecemos, destacam-se:<\/h3>\t\t\t\t<\/div>\n\t\t\t\t<\/div>\n\t\t\t\t<div class=\"elementor-element elementor-element-d27278a elementor-widget elementor-widget-text-editor\" data-id=\"d27278a\" data-element_type=\"widget\" data-e-type=\"widget\" data-widget_type=\"text-editor.default\">\n\t\t\t\t<div class=\"elementor-widget-container\">\n\t\t\t\t\t\t\t\t\t<p>Testamentos e planeamento sucess\u00f3rio<\/p><p>Invent\u00e1rios judiciais e notariais<\/p><p>Partilhas amig\u00e1veis ou litigiosas<\/p><p>Doa\u00e7\u00f5es<\/p><p>Sucess\u00f5es internacionais e reconhecimento de herdeiros<\/p>\t\t\t\t\t\t\t\t<\/div>\n\t\t\t\t<\/div>\n\t\t\t\t\t<\/div>\n\t\t<\/div>\n\t\t\t\t\t<\/div>\n\t\t<\/section>\n\t\t\t\t<\/div>","protected":false},"excerpt":{"rendered":"<p>Sucess\u00f5es, Invent\u00e1rios e Partilhas Auxiliamos fam\u00edlias na organiza\u00e7\u00e3o e transmiss\u00e3o de patrim\u00f3nio entre gera\u00e7\u00f5es, conciliando seguran\u00e7a jur\u00eddica com o respeito \u00e0s rela\u00e7\u00f5es pessoais envolvidas. O nosso objetivo \u00e9 tornar o processo sucess\u00f3rio mais claro, justo e pac\u00edfico. Entre as solu\u00e7\u00f5es que oferecemos, destacam-se: Testamentos e planeamento sucess\u00f3rio Invent\u00e1rios judiciais e notariais Partilhas amig\u00e1veis ou litigiosas [&hellip;]<\/p>","protected":false},"author":1,"featured_media":0,"parent":0,"menu_order":0,"comment_status":"closed","ping_status":"closed","template":"elementor_header_footer","meta":{"footnotes":""},"class_list":["post-337","page","type-page","status-publish","hentry"],"_links":{"self":[{"href":"https:\/\/rnmcadvocacia.com\/en\/wp-json\/wp\/v2\/pages\/337","targetHints":{"allow":["GET"]}}],"collection":[{"href":"https:\/\/rnmcadvocacia.com\/en\/wp-json\/wp\/v2\/pages"}],"about":[{"href":"https:\/\/rnmcadvocacia.com\/en\/wp-json\/wp\/v2\/types\/page"}],"author":[{"embeddable":true,"href":"https:\/\/rnmcadvocacia.com\/en\/wp-json\/wp\/v2\/users\/1"}],"replies":[{"embeddable":true,"href":"https:\/\/rnmcadvocacia.com\/en\/wp-json\/wp\/v2\/comments?post=337"}],"version-history":[{"count":29,"href":"https:\/\/rnmcadvocacia.com\/en\/wp-json\/wp\/v2\/pages\/337\/revisions"}],"predecessor-version":[{"id":988945,"href":"https:\/\/rnmcadvocacia.com\/en\/wp-json\/wp\/v2\/pages\/337\/revisions\/988945"}],"wp:attachment":[{"href":"https:\/\/rnmcadvocacia.com\/en\/wp-json\/wp\/v2\/media?parent=337"}],"curies":[{"name":"wp","href":"https:\/\/api.w.org\/{rel}","templated":true}]}}