{"id":339,"date":"2023-06-04T17:22:27","date_gmt":"2023-06-04T17:22:27","guid":{"rendered":"https:\/\/rnmcadvocacia.com\/?page_id=339"},"modified":"2025-11-20T18:19:53","modified_gmt":"2025-11-20T18:19:53","slug":"migratorio-e-estrangeiro","status":"publish","type":"page","link":"https:\/\/rnmcadvocacia.com\/en\/migratorio-e-estrangeiro\/","title":{"rendered":"Direito Migrat\u00f3rio e do Estrangeiro"},"content":{"rendered":"<div data-elementor-type=\"wp-page\" data-elementor-id=\"339\" class=\"elementor elementor-339\">\n\t\t\t\t\t\t<section class=\"elementor-section elementor-top-section elementor-element elementor-element-d6f9c34 elementor-section-boxed elementor-section-height-default elementor-section-height-default\" data-id=\"d6f9c34\" data-element_type=\"section\" data-e-type=\"section\" data-settings=\"{&quot;background_background&quot;:&quot;classic&quot;}\">\n\t\t\t\t\t\t<div class=\"elementor-container elementor-column-gap-default\">\n\t\t\t\t\t<div class=\"elementor-column elementor-col-100 elementor-top-column elementor-element elementor-element-c37c2a4\" data-id=\"c37c2a4\" data-element_type=\"column\" data-e-type=\"column\">\n\t\t\t<div class=\"elementor-widget-wrap elementor-element-populated\">\n\t\t\t\t\t\t<div class=\"elementor-element elementor-element-179fc60 elementor-widget elementor-widget-heading\" data-id=\"179fc60\" data-element_type=\"widget\" data-e-type=\"widget\" data-widget_type=\"heading.default\">\n\t\t\t\t<div class=\"elementor-widget-container\">\n\t\t\t\t\t<h2 class=\"elementor-heading-title elementor-size-default\">Portuguese Immigration and Nationality<\/h2>\t\t\t\t<\/div>\n\t\t\t\t<\/div>\n\t\t\t\t\t<\/div>\n\t\t<\/div>\n\t\t\t\t\t<\/div>\n\t\t<\/section>\n\t\t\t\t<section class=\"elementor-section elementor-top-section elementor-element elementor-element-3082e7c elementor-section-boxed elementor-section-height-default elementor-section-height-default\" data-id=\"3082e7c\" data-element_type=\"section\" data-e-type=\"section\" data-settings=\"{&quot;background_background&quot;:&quot;classic&quot;}\">\n\t\t\t\t\t\t<div class=\"elementor-container elementor-column-gap-default\">\n\t\t\t\t\t<div class=\"elementor-column elementor-col-50 elementor-top-column elementor-element elementor-element-218723a\" data-id=\"218723a\" data-element_type=\"column\" data-e-type=\"column\">\n\t\t\t<div class=\"elementor-widget-wrap elementor-element-populated\">\n\t\t\t\t\t\t<div class=\"elementor-element elementor-element-8295672 elementor-widget elementor-widget-image\" data-id=\"8295672\" data-element_type=\"widget\" data-e-type=\"widget\" data-widget_type=\"image.default\">\n\t\t\t\t<div class=\"elementor-widget-container\">\n\t\t\t\t\t\t\t\t\t\t\t\t\t\t\t<img fetchpriority=\"high\" decoding=\"async\" width=\"800\" height=\"534\" src=\"https:\/\/rnmcadvocacia.com\/wp-content\/uploads\/2023\/08\/family-is-trip-station-1024x683.jpg\" class=\"attachment-large size-large wp-image-889\" alt=\"\" srcset=\"https:\/\/rnmcadvocacia.com\/wp-content\/uploads\/2023\/08\/family-is-trip-station-1024x683.jpg 1024w, https:\/\/rnmcadvocacia.com\/wp-content\/uploads\/2023\/08\/family-is-trip-station-300x200.jpg 300w, https:\/\/rnmcadvocacia.com\/wp-content\/uploads\/2023\/08\/family-is-trip-station-768x512.jpg 768w, https:\/\/rnmcadvocacia.com\/wp-content\/uploads\/2023\/08\/family-is-trip-station-1536x1024.jpg 1536w, https:\/\/rnmcadvocacia.com\/wp-content\/uploads\/2023\/08\/family-is-trip-station-2048x1365.jpg 2048w\" sizes=\"(max-width: 800px) 100vw, 800px\" \/>\t\t\t\t\t\t\t\t\t\t\t\t\t\t\t<\/div>\n\t\t\t\t<\/div>\n\t\t\t\t\t<\/div>\n\t\t<\/div>\n\t\t\t\t<div class=\"elementor-column elementor-col-50 elementor-top-column elementor-element elementor-element-33196f2\" data-id=\"33196f2\" data-element_type=\"column\" data-e-type=\"column\">\n\t\t\t<div class=\"elementor-widget-wrap elementor-element-populated\">\n\t\t\t\t\t\t<div class=\"elementor-element elementor-element-7eb29f9 elementor-widget elementor-widget-text-editor\" data-id=\"7eb29f9\" data-element_type=\"widget\" data-e-type=\"widget\" data-widget_type=\"text-editor.default\">\n\t\t\t\t<div class=\"elementor-widget-container\">\n\t\t\t\t\t\t\t\t\t<p>Com experi\u00eancia e proximidade, acompanhamos cidad\u00e3os estrangeiros e descendentes de portugueses em todas as fases do percurso migrat\u00f3rio. Tornamos os processos mais simples e seguros, sempre atentos \u00e0 particularidade de cada hist\u00f3ria.<\/p>\t\t\t\t\t\t\t\t<\/div>\n\t\t\t\t<\/div>\n\t\t\t\t\t<\/div>\n\t\t<\/div>\n\t\t\t\t\t<\/div>\n\t\t<\/section>\n\t\t\t\t<section class=\"elementor-section elementor-top-section elementor-element elementor-element-a004b62 elementor-section-boxed elementor-section-height-default elementor-section-height-default\" data-id=\"a004b62\" data-element_type=\"section\" data-e-type=\"section\" data-settings=\"{&quot;background_background&quot;:&quot;classic&quot;}\">\n\t\t\t\t\t\t<div class=\"elementor-container elementor-column-gap-default\">\n\t\t\t\t\t<div class=\"elementor-column elementor-col-100 elementor-top-column elementor-element elementor-element-ac6aca1\" data-id=\"ac6aca1\" data-element_type=\"column\" data-e-type=\"column\">\n\t\t\t<div class=\"elementor-widget-wrap elementor-element-populated\">\n\t\t\t\t\t\t<div class=\"elementor-element elementor-element-0d4e09a elementor-widget elementor-widget-heading\" data-id=\"0d4e09a\" data-element_type=\"widget\" data-e-type=\"widget\" data-widget_type=\"heading.default\">\n\t\t\t\t<div class=\"elementor-widget-container\">\n\t\t\t\t\t<h3 class=\"elementor-heading-title elementor-size-default\">A presta\u00e7\u00e3o de servi\u00e7os jur\u00eddicos compreende, dentre outros:<\/h3>\t\t\t\t<\/div>\n\t\t\t\t<\/div>\n\t\t\t\t<div class=\"elementor-element elementor-element-a99dcf8 elementor-widget elementor-widget-text-editor\" data-id=\"a99dcf8\" data-element_type=\"widget\" data-e-type=\"widget\" data-widget_type=\"text-editor.default\">\n\t\t\t\t<div class=\"elementor-widget-container\">\n\t\t\t\t\t\t\t\t\t<p>Atribui\u00e7\u00e3o e aquisi\u00e7\u00e3o de nacionalidade portuguesa<\/p><p>Planeamento migrat\u00f3rio completo, incluindo a solicita\u00e7\u00e3o de NIF, NISS e outros documentos necess\u00e1rios para a mudan\u00e7a de pa\u00eds.<\/p><p>Vistos (resid\u00eancia, estudo, trabalho, investimento, n\u00f3mada digital)<\/p><p>Autoriza\u00e7\u00f5es de resid\u00eancia (ARI, reagrupamento familiar, mobilidade UE)<\/p><p>Golden Visa<\/p><p>Regulariza\u00e7\u00e3o de cidad\u00e3os estrangeiros<\/p><p>Recursos administrativos e judiciais<\/p>\t\t\t\t\t\t\t\t<\/div>\n\t\t\t\t<\/div>\n\t\t\t\t\t<\/div>\n\t\t<\/div>\n\t\t\t\t\t<\/div>\n\t\t<\/section>\n\t\t\t\t<\/div>","protected":false},"excerpt":{"rendered":"<p>Imigra\u00e7\u00e3o e Nacionalidade Portuguesa Com experi\u00eancia e proximidade, acompanhamos cidad\u00e3os estrangeiros e descendentes de portugueses em todas as fases do percurso migrat\u00f3rio. Tornamos os processos mais simples e seguros, sempre atentos \u00e0 particularidade de cada hist\u00f3ria. A presta\u00e7\u00e3o de servi\u00e7os jur\u00eddicos compreende, dentre outros: Atribui\u00e7\u00e3o e aquisi\u00e7\u00e3o de nacionalidade portuguesa Planeamento migrat\u00f3rio completo, incluindo a [&hellip;]<\/p>","protected":false},"author":1,"featured_media":0,"parent":0,"menu_order":0,"comment_status":"closed","ping_status":"closed","template":"elementor_header_footer","meta":{"footnotes":""},"class_list":["post-339","page","type-page","status-publish","hentry"],"_links":{"self":[{"href":"https:\/\/rnmcadvocacia.com\/en\/wp-json\/wp\/v2\/pages\/339","targetHints":{"allow":["GET"]}}],"collection":[{"href":"https:\/\/rnmcadvocacia.com\/en\/wp-json\/wp\/v2\/pages"}],"about":[{"href":"https:\/\/rnmcadvocacia.com\/en\/wp-json\/wp\/v2\/types\/page"}],"author":[{"embeddable":true,"href":"https:\/\/rnmcadvocacia.com\/en\/wp-json\/wp\/v2\/users\/1"}],"replies":[{"embeddable":true,"href":"https:\/\/rnmcadvocacia.com\/en\/wp-json\/wp\/v2\/comments?post=339"}],"version-history":[{"count":20,"href":"https:\/\/rnmcadvocacia.com\/en\/wp-json\/wp\/v2\/pages\/339\/revisions"}],"predecessor-version":[{"id":988930,"href":"https:\/\/rnmcadvocacia.com\/en\/wp-json\/wp\/v2\/pages\/339\/revisions\/988930"}],"wp:attachment":[{"href":"https:\/\/rnmcadvocacia.com\/en\/wp-json\/wp\/v2\/media?parent=339"}],"curies":[{"name":"wp","href":"https:\/\/api.w.org\/{rel}","templated":true}]}}