{"id":343,"date":"2023-06-04T17:23:01","date_gmt":"2023-06-04T17:23:01","guid":{"rendered":"https:\/\/rnmcadvocacia.com\/?page_id=343"},"modified":"2025-11-20T18:21:16","modified_gmt":"2025-11-20T18:21:16","slug":"laboral-e-relacoes-de-trabalho","status":"publish","type":"page","link":"https:\/\/rnmcadvocacia.com\/en\/laboral-e-relacoes-de-trabalho\/","title":{"rendered":"Direito Laboral e das Rela\u00e7\u00f5es de Trabalho"},"content":{"rendered":"<div data-elementor-type=\"wp-page\" data-elementor-id=\"343\" class=\"elementor elementor-343\">\n\t\t\t\t\t\t<section class=\"elementor-section elementor-top-section elementor-element elementor-element-099959d elementor-section-boxed elementor-section-height-default elementor-section-height-default\" data-id=\"099959d\" data-element_type=\"section\" data-e-type=\"section\" data-settings=\"{&quot;background_background&quot;:&quot;classic&quot;}\">\n\t\t\t\t\t\t<div class=\"elementor-container elementor-column-gap-default\">\n\t\t\t\t\t<div class=\"elementor-column elementor-col-100 elementor-top-column elementor-element elementor-element-94e927f\" data-id=\"94e927f\" data-element_type=\"column\" data-e-type=\"column\">\n\t\t\t<div class=\"elementor-widget-wrap elementor-element-populated\">\n\t\t\t\t\t\t<div class=\"elementor-element elementor-element-0b44952 elementor-widget elementor-widget-heading\" data-id=\"0b44952\" data-element_type=\"widget\" data-e-type=\"widget\" data-widget_type=\"heading.default\">\n\t\t\t\t<div class=\"elementor-widget-container\">\n\t\t\t\t\t<h2 class=\"elementor-heading-title elementor-size-default\">Direito Laboral e das Rela\u00e7\u00f5es de Trabalho<\/h2>\t\t\t\t<\/div>\n\t\t\t\t<\/div>\n\t\t\t\t\t<\/div>\n\t\t<\/div>\n\t\t\t\t\t<\/div>\n\t\t<\/section>\n\t\t\t\t<section class=\"elementor-section elementor-top-section elementor-element elementor-element-14ddb96 elementor-section-boxed elementor-section-height-default elementor-section-height-default\" data-id=\"14ddb96\" data-element_type=\"section\" data-e-type=\"section\" data-settings=\"{&quot;background_background&quot;:&quot;classic&quot;}\">\n\t\t\t\t\t\t<div class=\"elementor-container elementor-column-gap-default\">\n\t\t\t\t\t<div class=\"elementor-column elementor-col-50 elementor-top-column elementor-element elementor-element-112ad75\" data-id=\"112ad75\" data-element_type=\"column\" data-e-type=\"column\">\n\t\t\t<div class=\"elementor-widget-wrap elementor-element-populated\">\n\t\t\t\t\t\t<div class=\"elementor-element elementor-element-b889c97 elementor-widget elementor-widget-image\" data-id=\"b889c97\" data-element_type=\"widget\" data-e-type=\"widget\" data-widget_type=\"image.default\">\n\t\t\t\t<div class=\"elementor-widget-container\">\n\t\t\t\t\t\t\t\t\t\t\t\t\t\t\t<img fetchpriority=\"high\" decoding=\"async\" width=\"800\" height=\"534\" src=\"https:\/\/rnmcadvocacia.com\/wp-content\/uploads\/2023\/08\/factory-workers-checking-quality-products-large-industrial-hall-1024x683.jpg\" class=\"attachment-large size-large wp-image-887\" alt=\"\" srcset=\"https:\/\/rnmcadvocacia.com\/wp-content\/uploads\/2023\/08\/factory-workers-checking-quality-products-large-industrial-hall-1024x683.jpg 1024w, https:\/\/rnmcadvocacia.com\/wp-content\/uploads\/2023\/08\/factory-workers-checking-quality-products-large-industrial-hall-300x200.jpg 300w, https:\/\/rnmcadvocacia.com\/wp-content\/uploads\/2023\/08\/factory-workers-checking-quality-products-large-industrial-hall-768x512.jpg 768w, https:\/\/rnmcadvocacia.com\/wp-content\/uploads\/2023\/08\/factory-workers-checking-quality-products-large-industrial-hall-1536x1024.jpg 1536w, https:\/\/rnmcadvocacia.com\/wp-content\/uploads\/2023\/08\/factory-workers-checking-quality-products-large-industrial-hall-2048x1365.jpg 2048w\" sizes=\"(max-width: 800px) 100vw, 800px\" \/>\t\t\t\t\t\t\t\t\t\t\t\t\t\t\t<\/div>\n\t\t\t\t<\/div>\n\t\t\t\t\t<\/div>\n\t\t<\/div>\n\t\t\t\t<div class=\"elementor-column elementor-col-50 elementor-top-column elementor-element elementor-element-430f65d\" data-id=\"430f65d\" data-element_type=\"column\" data-e-type=\"column\">\n\t\t\t<div class=\"elementor-widget-wrap elementor-element-populated\">\n\t\t\t\t\t\t<div class=\"elementor-element elementor-element-c75b687 elementor-widget elementor-widget-text-editor\" data-id=\"c75b687\" data-element_type=\"widget\" data-e-type=\"widget\" data-widget_type=\"text-editor.default\">\n\t\t\t\t<div class=\"elementor-widget-container\">\n\t\t\t\t\t\t\t\t\t<p>Promovemos solu\u00e7\u00f5es equilibradas e justas nas rela\u00e7\u00f5es laborais, defendendo tanto trabalhadores como entidades empregadoras. Atuamos de forma preventiva para reduzir conflitos, mas tamb\u00e9m asseguramos uma defesa firme em lit\u00edgios quando necess\u00e1rio.<\/p>\t\t\t\t\t\t\t\t<\/div>\n\t\t\t\t<\/div>\n\t\t\t\t\t<\/div>\n\t\t<\/div>\n\t\t\t\t\t<\/div>\n\t\t<\/section>\n\t\t\t\t<section class=\"elementor-section elementor-top-section elementor-element elementor-element-dc3702c elementor-section-boxed elementor-section-height-default elementor-section-height-default\" data-id=\"dc3702c\" data-element_type=\"section\" data-e-type=\"section\" data-settings=\"{&quot;background_background&quot;:&quot;classic&quot;}\">\n\t\t\t\t\t\t<div class=\"elementor-container elementor-column-gap-default\">\n\t\t\t\t\t<div class=\"elementor-column elementor-col-100 elementor-top-column elementor-element elementor-element-0ef93aa\" data-id=\"0ef93aa\" data-element_type=\"column\" data-e-type=\"column\">\n\t\t\t<div class=\"elementor-widget-wrap elementor-element-populated\">\n\t\t\t\t\t\t<div class=\"elementor-element elementor-element-3b1c6ae elementor-widget elementor-widget-heading\" data-id=\"3b1c6ae\" data-element_type=\"widget\" data-e-type=\"widget\" data-widget_type=\"heading.default\">\n\t\t\t\t<div class=\"elementor-widget-container\">\n\t\t\t\t\t<h3 class=\"elementor-heading-title elementor-size-default\">Entre as solu\u00e7\u00f5es que oferecemos, destacam-se:<\/h3>\t\t\t\t<\/div>\n\t\t\t\t<\/div>\n\t\t\t\t<div class=\"elementor-element elementor-element-bbba279 elementor-widget elementor-widget-text-editor\" data-id=\"bbba279\" data-element_type=\"widget\" data-e-type=\"widget\" data-widget_type=\"text-editor.default\">\n\t\t\t\t<div class=\"elementor-widget-container\">\n\t\t\t\t\t\t\t\t\t<p>Elabora\u00e7\u00e3o e revis\u00e3o de contratos de trabalho<\/p><p>Processos disciplinares<\/p><p>Despedimentos e indemniza\u00e7\u00f5es<\/p><p>Regulariza\u00e7\u00e3o de v\u00ednculos laborais<\/p><p>Lit\u00edgios laborais em tribunal<\/p>\t\t\t\t\t\t\t\t<\/div>\n\t\t\t\t<\/div>\n\t\t\t\t\t<\/div>\n\t\t<\/div>\n\t\t\t\t\t<\/div>\n\t\t<\/section>\n\t\t\t\t<\/div>","protected":false},"excerpt":{"rendered":"<p>Direito Laboral e das Rela\u00e7\u00f5es de Trabalho Promovemos solu\u00e7\u00f5es equilibradas e justas nas rela\u00e7\u00f5es laborais, defendendo tanto trabalhadores como entidades empregadoras. Atuamos de forma preventiva para reduzir conflitos, mas tamb\u00e9m asseguramos uma defesa firme em lit\u00edgios quando necess\u00e1rio. Entre as solu\u00e7\u00f5es que oferecemos, destacam-se: Elabora\u00e7\u00e3o e revis\u00e3o de contratos de trabalho Processos disciplinares Despedimentos e [&hellip;]<\/p>","protected":false},"author":1,"featured_media":0,"parent":0,"menu_order":0,"comment_status":"closed","ping_status":"closed","template":"elementor_header_footer","meta":{"footnotes":""},"class_list":["post-343","page","type-page","status-publish","hentry"],"_links":{"self":[{"href":"https:\/\/rnmcadvocacia.com\/en\/wp-json\/wp\/v2\/pages\/343","targetHints":{"allow":["GET"]}}],"collection":[{"href":"https:\/\/rnmcadvocacia.com\/en\/wp-json\/wp\/v2\/pages"}],"about":[{"href":"https:\/\/rnmcadvocacia.com\/en\/wp-json\/wp\/v2\/types\/page"}],"author":[{"embeddable":true,"href":"https:\/\/rnmcadvocacia.com\/en\/wp-json\/wp\/v2\/users\/1"}],"replies":[{"embeddable":true,"href":"https:\/\/rnmcadvocacia.com\/en\/wp-json\/wp\/v2\/comments?post=343"}],"version-history":[{"count":20,"href":"https:\/\/rnmcadvocacia.com\/en\/wp-json\/wp\/v2\/pages\/343\/revisions"}],"predecessor-version":[{"id":988933,"href":"https:\/\/rnmcadvocacia.com\/en\/wp-json\/wp\/v2\/pages\/343\/revisions\/988933"}],"wp:attachment":[{"href":"https:\/\/rnmcadvocacia.com\/en\/wp-json\/wp\/v2\/media?parent=343"}],"curies":[{"name":"wp","href":"https:\/\/api.w.org\/{rel}","templated":true}]}}