{"id":988266,"date":"2025-07-10T12:58:22","date_gmt":"2025-07-10T12:58:22","guid":{"rendered":"https:\/\/rnmcadvocacia.com\/?page_id=988266"},"modified":"2025-11-20T18:57:35","modified_gmt":"2025-11-20T18:57:35","slug":"equipa","status":"publish","type":"page","link":"https:\/\/rnmcadvocacia.com\/en\/equipa\/","title":{"rendered":"EQUIPA"},"content":{"rendered":"<div data-elementor-type=\"wp-page\" data-elementor-id=\"988266\" class=\"elementor elementor-988266\">\n\t\t\t\t\t\t<section class=\"elementor-section elementor-top-section elementor-element elementor-element-cd52897 elementor-section-boxed elementor-section-height-default elementor-section-height-default\" data-id=\"cd52897\" data-element_type=\"section\" data-e-type=\"section\" data-settings=\"{&quot;background_background&quot;:&quot;classic&quot;}\">\n\t\t\t\t\t\t<div class=\"elementor-container elementor-column-gap-default\">\n\t\t\t\t\t<div class=\"elementor-column elementor-col-100 elementor-top-column elementor-element elementor-element-cc09347\" data-id=\"cc09347\" data-element_type=\"column\" data-e-type=\"column\">\n\t\t\t<div class=\"elementor-widget-wrap elementor-element-populated\">\n\t\t\t\t\t\t<div class=\"elementor-element elementor-element-bbbb43a elementor-widget elementor-widget-heading\" data-id=\"bbbb43a\" data-element_type=\"widget\" data-e-type=\"widget\" data-widget_type=\"heading.default\">\n\t\t\t\t<div class=\"elementor-widget-container\">\n\t\t\t\t\t<h2 class=\"elementor-heading-title elementor-size-default\">A RNMC \u00e9 composta pelas s\u00f3cias-fundadoras e advogados que atuam diariamente a partir de Lisboa, em articula\u00e7\u00e3o com uma rede de parceiros em Portugal e na Europa, EUA, Brasil e outros pa\u00edses da CPLP.\nMais do que uma estrutura de colabora\u00e7\u00e3o, constru\u00edmos uma comunidade de profissionais que partilham valores comuns: \u00e9tica, rigor t\u00e9cnico e proximidade com o cliente.\n<\/h2>\t\t\t\t<\/div>\n\t\t\t\t<\/div>\n\t\t\t\t\t<\/div>\n\t\t<\/div>\n\t\t\t\t\t<\/div>\n\t\t<\/section>\n\t\t\t\t<section class=\"elementor-section elementor-top-section elementor-element elementor-element-c955232 elementor-section-boxed elementor-section-height-default elementor-section-height-default\" data-id=\"c955232\" data-element_type=\"section\" data-e-type=\"section\" data-settings=\"{&quot;background_background&quot;:&quot;classic&quot;}\">\n\t\t\t\t\t\t<div class=\"elementor-container elementor-column-gap-default\">\n\t\t\t\t\t<div class=\"elementor-column elementor-col-33 elementor-top-column elementor-element elementor-element-f6175ce\" data-id=\"f6175ce\" data-element_type=\"column\" data-e-type=\"column\">\n\t\t\t<div class=\"elementor-widget-wrap elementor-element-populated\">\n\t\t\t\t\t\t<div class=\"elementor-element elementor-element-aada78b elementor-widget elementor-widget-image\" data-id=\"aada78b\" data-element_type=\"widget\" data-e-type=\"widget\" data-widget_type=\"image.default\">\n\t\t\t\t<div class=\"elementor-widget-container\">\n\t\t\t\t\t\t\t\t\t\t\t\t\t\t\t\t<a href=\"https:\/\/rnmcadvocacia.com\/en\/jessica-ramos-2\/\">\n\t\t\t\t\t\t\t<img fetchpriority=\"high\" decoding=\"async\" width=\"1220\" height=\"1930\" src=\"https:\/\/rnmcadvocacia.com\/wp-content\/uploads\/2025\/04\/Ensaio-Adv-331-scaled-e1744124492624.jpg\" class=\"attachment-full size-full wp-image-987834\" alt=\"\" srcset=\"https:\/\/rnmcadvocacia.com\/wp-content\/uploads\/2025\/04\/Ensaio-Adv-331-scaled-e1744124492624.jpg 1220w, https:\/\/rnmcadvocacia.com\/wp-content\/uploads\/2025\/04\/Ensaio-Adv-331-scaled-e1744124492624-190x300.jpg 190w, https:\/\/rnmcadvocacia.com\/wp-content\/uploads\/2025\/04\/Ensaio-Adv-331-scaled-e1744124492624-647x1024.jpg 647w, https:\/\/rnmcadvocacia.com\/wp-content\/uploads\/2025\/04\/Ensaio-Adv-331-scaled-e1744124492624-768x1215.jpg 768w, https:\/\/rnmcadvocacia.com\/wp-content\/uploads\/2025\/04\/Ensaio-Adv-331-scaled-e1744124492624-971x1536.jpg 971w, https:\/\/rnmcadvocacia.com\/wp-content\/uploads\/2025\/04\/Ensaio-Adv-331-scaled-e1744124492624-1140x1803.jpg 1140w, https:\/\/rnmcadvocacia.com\/wp-content\/uploads\/2025\/04\/Ensaio-Adv-331-scaled-e1744124492624-555x878.jpg 555w, https:\/\/rnmcadvocacia.com\/wp-content\/uploads\/2025\/04\/Ensaio-Adv-331-scaled-e1744124492624-360x570.jpg 360w, https:\/\/rnmcadvocacia.com\/wp-content\/uploads\/2025\/04\/Ensaio-Adv-331-scaled-e1744124492624-262x414.jpg 262w\" sizes=\"(max-width: 1220px) 100vw, 1220px\" \/>\t\t\t\t\t\t\t\t<\/a>\n\t\t\t\t\t\t\t\t\t\t\t\t\t\t\t<\/div>\n\t\t\t\t<\/div>\n\t\t\t\t<div class=\"elementor-element elementor-element-42219b6 elementor-widget elementor-widget-heading\" data-id=\"42219b6\" data-element_type=\"widget\" data-e-type=\"widget\" data-widget_type=\"heading.default\">\n\t\t\t\t<div class=\"elementor-widget-container\">\n\t\t\t\t\t<h2 class=\"elementor-heading-title elementor-size-default\">Jessica Ramos<\/h2>\t\t\t\t<\/div>\n\t\t\t\t<\/div>\n\t\t\t\t<div class=\"elementor-element elementor-element-235dc62 elementor-widget elementor-widget-heading\" data-id=\"235dc62\" data-element_type=\"widget\" data-e-type=\"widget\" data-widget_type=\"heading.default\">\n\t\t\t\t<div class=\"elementor-widget-container\">\n\t\t\t\t\t<h2 class=\"elementor-heading-title elementor-size-default\">CP 54076L<\/h2>\t\t\t\t<\/div>\n\t\t\t\t<\/div>\n\t\t\t\t\t<\/div>\n\t\t<\/div>\n\t\t\t\t<div class=\"elementor-column elementor-col-33 elementor-top-column elementor-element elementor-element-90439cb\" data-id=\"90439cb\" data-element_type=\"column\" data-e-type=\"column\">\n\t\t\t<div class=\"elementor-widget-wrap elementor-element-populated\">\n\t\t\t\t\t\t<div class=\"elementor-element elementor-element-0224c17 elementor-widget elementor-widget-image\" data-id=\"0224c17\" data-element_type=\"widget\" data-e-type=\"widget\" data-widget_type=\"image.default\">\n\t\t\t\t<div class=\"elementor-widget-container\">\n\t\t\t\t\t\t\t\t\t\t\t\t\t\t\t\t<a href=\"https:\/\/rnmcadvocacia.com\/en\/ana-carolina-do-nascimento-2\/\">\n\t\t\t\t\t\t\t<img decoding=\"async\" width=\"1220\" height=\"1930\" src=\"https:\/\/rnmcadvocacia.com\/wp-content\/uploads\/2025\/04\/Copia-de-Ensaio-Adv-316-scaled-e1744124708743.jpg\" class=\"attachment-full size-full wp-image-987833\" alt=\"\" srcset=\"https:\/\/rnmcadvocacia.com\/wp-content\/uploads\/2025\/04\/Copia-de-Ensaio-Adv-316-scaled-e1744124708743.jpg 1220w, https:\/\/rnmcadvocacia.com\/wp-content\/uploads\/2025\/04\/Copia-de-Ensaio-Adv-316-scaled-e1744124708743-190x300.jpg 190w, https:\/\/rnmcadvocacia.com\/wp-content\/uploads\/2025\/04\/Copia-de-Ensaio-Adv-316-scaled-e1744124708743-647x1024.jpg 647w, https:\/\/rnmcadvocacia.com\/wp-content\/uploads\/2025\/04\/Copia-de-Ensaio-Adv-316-scaled-e1744124708743-768x1215.jpg 768w, https:\/\/rnmcadvocacia.com\/wp-content\/uploads\/2025\/04\/Copia-de-Ensaio-Adv-316-scaled-e1744124708743-971x1536.jpg 971w, https:\/\/rnmcadvocacia.com\/wp-content\/uploads\/2025\/04\/Copia-de-Ensaio-Adv-316-scaled-e1744124708743-1140x1803.jpg 1140w, https:\/\/rnmcadvocacia.com\/wp-content\/uploads\/2025\/04\/Copia-de-Ensaio-Adv-316-scaled-e1744124708743-555x878.jpg 555w, https:\/\/rnmcadvocacia.com\/wp-content\/uploads\/2025\/04\/Copia-de-Ensaio-Adv-316-scaled-e1744124708743-360x570.jpg 360w, https:\/\/rnmcadvocacia.com\/wp-content\/uploads\/2025\/04\/Copia-de-Ensaio-Adv-316-scaled-e1744124708743-262x414.jpg 262w\" sizes=\"(max-width: 1220px) 100vw, 1220px\" \/>\t\t\t\t\t\t\t\t<\/a>\n\t\t\t\t\t\t\t\t\t\t\t\t\t\t\t<\/div>\n\t\t\t\t<\/div>\n\t\t\t\t<div class=\"elementor-element elementor-element-c1eb0e6 elementor-widget elementor-widget-heading\" data-id=\"c1eb0e6\" data-element_type=\"widget\" data-e-type=\"widget\" data-widget_type=\"heading.default\">\n\t\t\t\t<div class=\"elementor-widget-container\">\n\t\t\t\t\t<h2 class=\"elementor-heading-title elementor-size-default\">Ana Carolina do Nascimento<\/h2>\t\t\t\t<\/div>\n\t\t\t\t<\/div>\n\t\t\t\t<div class=\"elementor-element elementor-element-7093e3c elementor-widget elementor-widget-heading\" data-id=\"7093e3c\" data-element_type=\"widget\" data-e-type=\"widget\" data-widget_type=\"heading.default\">\n\t\t\t\t<div class=\"elementor-widget-container\">\n\t\t\t\t\t<h2 class=\"elementor-heading-title elementor-size-default\">CP 55938L<\/h2>\t\t\t\t<\/div>\n\t\t\t\t<\/div>\n\t\t\t\t\t<\/div>\n\t\t<\/div>\n\t\t\t\t<div class=\"elementor-column elementor-col-33 elementor-top-column elementor-element elementor-element-661082d\" data-id=\"661082d\" data-element_type=\"column\" data-e-type=\"column\">\n\t\t\t<div class=\"elementor-widget-wrap elementor-element-populated\">\n\t\t\t\t\t\t<div class=\"elementor-element elementor-element-d128bc2 elementor-widget elementor-widget-image\" data-id=\"d128bc2\" data-element_type=\"widget\" data-e-type=\"widget\" data-widget_type=\"image.default\">\n\t\t\t\t<div class=\"elementor-widget-container\">\n\t\t\t\t\t\t\t\t\t\t\t\t\t\t\t\t<a href=\"https:\/\/rnmcadvocacia.com\/en\/anna-carolina-morais-de-castro\/\">\n\t\t\t\t\t\t\t<img decoding=\"async\" width=\"1220\" height=\"1930\" src=\"https:\/\/rnmcadvocacia.com\/wp-content\/uploads\/2025\/04\/Ensaio-Adv-299-scaled-e1744124758563.jpg\" class=\"attachment-full size-full wp-image-987832\" alt=\"\" srcset=\"https:\/\/rnmcadvocacia.com\/wp-content\/uploads\/2025\/04\/Ensaio-Adv-299-scaled-e1744124758563.jpg 1220w, https:\/\/rnmcadvocacia.com\/wp-content\/uploads\/2025\/04\/Ensaio-Adv-299-scaled-e1744124758563-190x300.jpg 190w, https:\/\/rnmcadvocacia.com\/wp-content\/uploads\/2025\/04\/Ensaio-Adv-299-scaled-e1744124758563-647x1024.jpg 647w, https:\/\/rnmcadvocacia.com\/wp-content\/uploads\/2025\/04\/Ensaio-Adv-299-scaled-e1744124758563-768x1215.jpg 768w, https:\/\/rnmcadvocacia.com\/wp-content\/uploads\/2025\/04\/Ensaio-Adv-299-scaled-e1744124758563-971x1536.jpg 971w, https:\/\/rnmcadvocacia.com\/wp-content\/uploads\/2025\/04\/Ensaio-Adv-299-scaled-e1744124758563-1140x1803.jpg 1140w, https:\/\/rnmcadvocacia.com\/wp-content\/uploads\/2025\/04\/Ensaio-Adv-299-scaled-e1744124758563-555x878.jpg 555w, https:\/\/rnmcadvocacia.com\/wp-content\/uploads\/2025\/04\/Ensaio-Adv-299-scaled-e1744124758563-360x570.jpg 360w, https:\/\/rnmcadvocacia.com\/wp-content\/uploads\/2025\/04\/Ensaio-Adv-299-scaled-e1744124758563-262x414.jpg 262w\" sizes=\"(max-width: 1220px) 100vw, 1220px\" \/>\t\t\t\t\t\t\t\t<\/a>\n\t\t\t\t\t\t\t\t\t\t\t\t\t\t\t<\/div>\n\t\t\t\t<\/div>\n\t\t\t\t<div class=\"elementor-element elementor-element-bbe8d8a elementor-widget elementor-widget-heading\" data-id=\"bbe8d8a\" data-element_type=\"widget\" data-e-type=\"widget\" data-widget_type=\"heading.default\">\n\t\t\t\t<div class=\"elementor-widget-container\">\n\t\t\t\t\t<h2 class=\"elementor-heading-title elementor-size-default\">Anna Carolina Moraes de Castro<\/h2>\t\t\t\t<\/div>\n\t\t\t\t<\/div>\n\t\t\t\t<div class=\"elementor-element elementor-element-d908f08 elementor-widget elementor-widget-heading\" data-id=\"d908f08\" data-element_type=\"widget\" data-e-type=\"widget\" data-widget_type=\"heading.default\">\n\t\t\t\t<div class=\"elementor-widget-container\">\n\t\t\t\t\t<h2 class=\"elementor-heading-title elementor-size-default\">CP 57040L<\/h2>\t\t\t\t<\/div>\n\t\t\t\t<\/div>\n\t\t\t\t\t<\/div>\n\t\t<\/div>\n\t\t\t\t\t<\/div>\n\t\t<\/section>\n\t\t\t\t<\/div>","protected":false},"excerpt":{"rendered":"<p>A RNMC \u00e9 composta pelas s\u00f3cias-fundadoras e advogados que atuam diariamente a partir de Lisboa, em articula\u00e7\u00e3o com uma rede de parceiros em Portugal e na Europa, EUA, Brasil e outros pa\u00edses da CPLP. Mais do que uma estrutura de colabora\u00e7\u00e3o, constru\u00edmos uma comunidade de profissionais que partilham valores comuns: \u00e9tica, rigor t\u00e9cnico e proximidade [&hellip;]<\/p>","protected":false},"author":1,"featured_media":0,"parent":0,"menu_order":0,"comment_status":"closed","ping_status":"closed","template":"","meta":{"footnotes":""},"class_list":["post-988266","page","type-page","status-publish","hentry"],"_links":{"self":[{"href":"https:\/\/rnmcadvocacia.com\/en\/wp-json\/wp\/v2\/pages\/988266","targetHints":{"allow":["GET"]}}],"collection":[{"href":"https:\/\/rnmcadvocacia.com\/en\/wp-json\/wp\/v2\/pages"}],"about":[{"href":"https:\/\/rnmcadvocacia.com\/en\/wp-json\/wp\/v2\/types\/page"}],"author":[{"embeddable":true,"href":"https:\/\/rnmcadvocacia.com\/en\/wp-json\/wp\/v2\/users\/1"}],"replies":[{"embeddable":true,"href":"https:\/\/rnmcadvocacia.com\/en\/wp-json\/wp\/v2\/comments?post=988266"}],"version-history":[{"count":45,"href":"https:\/\/rnmcadvocacia.com\/en\/wp-json\/wp\/v2\/pages\/988266\/revisions"}],"predecessor-version":[{"id":989006,"href":"https:\/\/rnmcadvocacia.com\/en\/wp-json\/wp\/v2\/pages\/988266\/revisions\/989006"}],"wp:attachment":[{"href":"https:\/\/rnmcadvocacia.com\/en\/wp-json\/wp\/v2\/media?parent=988266"}],"curies":[{"name":"wp","href":"https:\/\/api.w.org\/{rel}","templated":true}]}}